{"id":403,"date":"2017-07-14T12:37:13","date_gmt":"2017-07-14T10:37:13","guid":{"rendered":"http:\/\/www.takeandway.it\/contatti\/"},"modified":"2018-02-01T17:01:52","modified_gmt":"2018-02-01T16:01:52","slug":"contactenos","status":"publish","type":"page","link":"https:\/\/www.takeandway.it\/es\/contactenos\/","title":{"rendered":"Cont\u00e1ctenos"},"content":{"rendered":"<p>[et_pb_section bb_built=\u00bb1&#8243; fullwidth=\u00bbon\u00bb specialty=\u00bboff\u00bb][et_pb_fullwidth_map _builder_version=\u00bb3.0.99&#8243; mouse_wheel=\u00bbon\u00bb mobile_dragging=\u00bbon\u00bb address=\u00bbVia Antonio Corradini, 1, 35042 Este PD, Italia\u00bb zoom_level=\u00bb11&#8243; address_lat=\u00bb45.2224727&#8243; address_lng=\u00bb11.659972599999946&#8243;][et_pb_map_pin _builder_version=\u00bb3.0.99&#8243; title=\u00bbOficina registrada\u00bb pin_address=\u00bbVia Antonio Corradini, 1, 35042 Este PD, Italia\u00bb pin_address_lat=\u00bb45.2224727&#8243; pin_address_lng=\u00bb11.659972599999946&#8243; db_start_open=\u00bboff\u00bb \/][et_pb_map_pin title=\u00bbAlmac\u00e9n\u00bb pin_address=\u00bbVia Veneto, 10, 35044 Montagnana PD, Italia\u00bb pin_address_lat=\u00bb45.239173&#8243; pin_address_lng=\u00bb11.416289499999948&#8243; _builder_version=\u00bb3.0.99&#8243; db_start_open=\u00bboff\u00bb \/][\/et_pb_fullwidth_map][\/et_pb_section][et_pb_section bb_built=\u00bb1&#8243; fullwidth=\u00bboff\u00bb specialty=\u00bboff\u00bb _builder_version=\u00bb3.0.62&#8243; module_id=\u00bbscopri\u00bb][et_pb_row][et_pb_column type=\u00bb4_4&#8243;][et_pb_text admin_label=\u00bbTitolo %22Contattaci%22&#8243; _builder_version=\u00bb3.0.99&#8243; background_layout=\u00bblight\u00bb]<\/p>\n<h2>Cont\u00e1ctenos<\/h2>\n<p>[\/et_pb_text][et_pb_divider _builder_version=\u00bb3.0.92&#8243; show_divider=\u00bbon\u00bb divider_style=\u00bbsolid\u00bb divider_position=\u00bbtop\u00bb hide_on_mobile=\u00bbon\u00bb color=\u00bb#f5f5f5&#8243; disabled_on=\u00bbon|on|off\u00bb \/][et_pb_text admin_label=\u00bbTesto %22Contattaci%22&#8243; _builder_version=\u00bb3.0.99&#8243; background_layout=\u00bblight\u00bb]<\/p>\n<p style=\"text-align: justify;\">Cont\u00e1ctenos si desea m\u00e1s informaci\u00f3n sobre nuestros productos. Complete el formulario en esta p\u00e1gina o use los siguientes n\u00fameros de tel\u00e9fono:<\/p>\n<p>[\/et_pb_text][\/et_pb_column][\/et_pb_row][et_pb_row][et_pb_column type=\u00bb1_2&#8243;][et_pb_blurb admin_label=\u00bbTelefono\u00bb _builder_version=\u00bb3.0.99&#8243; title=\u00bb+39 3357030389&#8243; url_new_window=\u00bboff\u00bb use_icon=\u00bbon\u00bb font_icon=\u00bb%%264%%\u00bb use_circle=\u00bboff\u00bb use_circle_border=\u00bboff\u00bb icon_placement=\u00bbleft\u00bb use_icon_font_size=\u00bboff\u00bb background_layout=\u00bblight\u00bb animation=\u00bboff\u00bb text_orientation=\u00bbcenter\u00bb max_width_tablet=\u00bb50px\u00bb]<\/p>\n<p>Disponible de lunes a viernes de 9:00 a 18:00.<\/p>\n<p>[\/et_pb_blurb][\/et_pb_column][et_pb_column type=\u00bb1_2&#8243;][et_pb_blurb admin_label=\u00bbFax\u00bb _builder_version=\u00bb3.0.99&#8243; title=\u00bb+39 0429602727&#8243; url_new_window=\u00bboff\u00bb use_icon=\u00bbon\u00bb font_icon=\u00bb%%142%%\u00bb use_circle=\u00bboff\u00bb use_circle_border=\u00bboff\u00bb icon_placement=\u00bbleft\u00bb use_icon_font_size=\u00bboff\u00bb background_layout=\u00bblight\u00bb animation=\u00bboff\u00bb text_orientation=\u00bbcenter\u00bb max_width_tablet=\u00bb50px\u00bb]<\/p>\n<p>Comunicaciones por fax solamente<\/p>\n<p>[\/et_pb_blurb][\/et_pb_column][\/et_pb_row][et_pb_row][et_pb_column type=\u00bb4_4&#8243;][et_pb_contact_form _builder_version=\u00bb3.0.99&#8243; success_message=\u00bbCorreo electr\u00f3nico enviado con \u00e9xito\u00bb captcha=\u00bbon\u00bb use_redirect=\u00bboff\u00bb custom_button=\u00bboff\u00bb button_icon_placement=\u00bbright\u00bb border_radii=\u00bbon|0px|0px|0px|0px\u00bb email=\u00bbinfo@takeandway.it\u00bb][et_pb_contact_field field_title=\u00bbNombre\u00bb field_type=\u00bbinput\u00bb field_id=\u00bbName\u00bb required_mark=\u00bbon\u00bb fullwidth_field=\u00bboff\u00bb _builder_version=\u00bb3.0.99&#8243; checkbox_checked=\u00bboff\u00bb checkbox_options=\u00bb%91{%22value%22:%22Nome%22,%22checked%22:0}%93&#8243; radio_options=\u00bb%91{%22value%22:%22Nome%22,%22checked%22:0}%93&#8243; select_options=\u00bb%91{%22value%22:%22Nome%22,%22checked%22:0}%93&#8243; min_length=\u00bb0&#8243; max_length=\u00bb0&#8243; allowed_symbols=\u00bball\u00bb conditional_logic=\u00bboff\u00bb conditional_logic_relation=\u00bboff\u00bb conditional_logic_rules=\u00bb%91{%22field%22:%22email%22,%22condition%22:%22is%22,%22value%22:%22%22}%93&#8243; use_background_color_gradient=\u00bboff\u00bb background_color_gradient_start=\u00bb#2b87da\u00bb background_color_gradient_end=\u00bb#29c4a9&#8243; background_color_gradient_type=\u00bblinear\u00bb background_color_gradient_direction=\u00bb180deg\u00bb background_color_gradient_direction_radial=\u00bbcenter\u00bb background_color_gradient_start_position=\u00bb0%\u00bb background_color_gradient_end_position=\u00bb100%\u00bb background_color_gradient_overlays_image=\u00bboff\u00bb parallax=\u00bboff\u00bb parallax_method=\u00bbon\u00bb background_size=\u00bbcover\u00bb background_position=\u00bbcenter\u00bb background_repeat=\u00bbno-repeat\u00bb background_blend=\u00bbnormal\u00bb allow_player_pause=\u00bboff\u00bb background_video_pause_outside_viewport=\u00bbon\u00bb form_field_text_shadow_style=\u00bbnone\u00bb border_radii=\u00bbon||||\u00bb box_shadow_style=\u00bbnone\u00bb \/][et_pb_contact_field field_title=\u00bbE-mail\u00bb field_type=\u00bbemail\u00bb field_id=\u00bbEmail\u00bb required_mark=\u00bbon\u00bb fullwidth_field=\u00bboff\u00bb _builder_version=\u00bb3.0.99&#8243; checkbox_checked=\u00bboff\u00bb checkbox_options=\u00bb%91{%22value%22:%22Indirizzo e-mail%22,%22checked%22:0}%93&#8243; radio_options=\u00bb%91{%22value%22:%22Indirizzo e-mail%22,%22checked%22:0}%93&#8243; select_options=\u00bb%91{%22value%22:%22Indirizzo e-mail%22,%22checked%22:0}%93&#8243; min_length=\u00bb0&#8243; max_length=\u00bb0&#8243; allowed_symbols=\u00bball\u00bb conditional_logic=\u00bboff\u00bb conditional_logic_relation=\u00bboff\u00bb conditional_logic_rules=\u00bb%91{%22field%22:%22name%22,%22condition%22:%22is%22,%22value%22:%22%22}%93&#8243; use_background_color_gradient=\u00bboff\u00bb background_color_gradient_start=\u00bb#2b87da\u00bb background_color_gradient_end=\u00bb#29c4a9&#8243; background_color_gradient_type=\u00bblinear\u00bb background_color_gradient_direction=\u00bb180deg\u00bb background_color_gradient_direction_radial=\u00bbcenter\u00bb background_color_gradient_start_position=\u00bb0%\u00bb background_color_gradient_end_position=\u00bb100%\u00bb background_color_gradient_overlays_image=\u00bboff\u00bb parallax=\u00bboff\u00bb parallax_method=\u00bbon\u00bb background_size=\u00bbcover\u00bb background_position=\u00bbcenter\u00bb background_repeat=\u00bbno-repeat\u00bb background_blend=\u00bbnormal\u00bb allow_player_pause=\u00bboff\u00bb background_video_pause_outside_viewport=\u00bbon\u00bb form_field_text_shadow_style=\u00bbnone\u00bb border_radii=\u00bbon||||\u00bb box_shadow_style=\u00bbnone\u00bb \/][et_pb_contact_field field_title=\u00bbMensaje\u00bb field_type=\u00bbtext\u00bb field_id=\u00bbMessage\u00bb required_mark=\u00bbon\u00bb fullwidth_field=\u00bbon\u00bb _builder_version=\u00bb3.0.99&#8243; checkbox_checked=\u00bboff\u00bb checkbox_options=\u00bb%91{%22value%22:%22Messaggio%22,%22checked%22:0}%93&#8243; radio_options=\u00bb%91{%22value%22:%22Messaggio%22,%22checked%22:0}%93&#8243; select_options=\u00bb%91{%22value%22:%22Messaggio%22,%22checked%22:0}%93&#8243; min_length=\u00bb0&#8243; max_length=\u00bb0&#8243; allowed_symbols=\u00bball\u00bb conditional_logic=\u00bboff\u00bb conditional_logic_relation=\u00bboff\u00bb conditional_logic_rules=\u00bb%91{%22field%22:%22name%22,%22condition%22:%22is%22,%22value%22:%22%22}%93&#8243; use_background_color_gradient=\u00bboff\u00bb background_color_gradient_start=\u00bb#2b87da\u00bb background_color_gradient_end=\u00bb#29c4a9&#8243; background_color_gradient_type=\u00bblinear\u00bb background_color_gradient_direction=\u00bb180deg\u00bb background_color_gradient_direction_radial=\u00bbcenter\u00bb background_color_gradient_start_position=\u00bb0%\u00bb background_color_gradient_end_position=\u00bb100%\u00bb background_color_gradient_overlays_image=\u00bboff\u00bb parallax=\u00bboff\u00bb parallax_method=\u00bbon\u00bb background_size=\u00bbcover\u00bb background_position=\u00bbcenter\u00bb background_repeat=\u00bbno-repeat\u00bb background_blend=\u00bbnormal\u00bb allow_player_pause=\u00bboff\u00bb background_video_pause_outside_viewport=\u00bbon\u00bb form_field_text_shadow_style=\u00bbnone\u00bb border_radii=\u00bbon||||\u00bb box_shadow_style=\u00bbnone\u00bb \/][et_pb_contact_field field_id=\u00bbPrivacy\u00bb field_title=\u00bbPrivacy:\u00bb field_type=\u00bbcheckbox\u00bb checkbox_checked=\u00bboff\u00bb min_length=\u00bb0&#8243; max_length=\u00bb0&#8243; allowed_symbols=\u00bball\u00bb required_mark=\u00bbon\u00bb conditional_logic=\u00bboff\u00bb conditional_logic_relation=\u00bboff\u00bb conditional_logic_rules=\u00bb%91{%22field%22:%22name%22,%22condition%22:%22is%22,%22value%22:%22%22}%93&#8243; fullwidth_field=\u00bbon\u00bb form_field_font_select=\u00bbdefault\u00bb form_field_font=\u00bb||||\u00bb use_border_color=\u00bboff\u00bb _builder_version=\u00bb3.0.99&#8243; checkbox_options=\u00bb%91{%22value%22:%22Acepto el procesamiento de mis datos de acuerdo con la legislaci\u00f3n vigente sobre privacidad.%22,%22checked%22:0}%93&#8243; radio_options=\u00bb%91{%22value%22:%22Privacy: accetto il trattamento dei miei dati secondo la normativa vigente sulla Privacy.%22,%22checked%22:0}%93&#8243; select_options=\u00bb%91{%22value%22:%22Privacy: accetto il trattamento dei miei dati secondo la normativa vigente sulla Privacy.%22,%22checked%22:0}%93&#8243; use_background_color_gradient=\u00bboff\u00bb background_color_gradient_start=\u00bb#2b87da\u00bb background_color_gradient_end=\u00bb#29c4a9&#8243; background_color_gradient_type=\u00bblinear\u00bb background_color_gradient_direction=\u00bb180deg\u00bb background_color_gradient_direction_radial=\u00bbcenter\u00bb background_color_gradient_start_position=\u00bb0%\u00bb background_color_gradient_end_position=\u00bb100%\u00bb background_color_gradient_overlays_image=\u00bboff\u00bb parallax=\u00bboff\u00bb parallax_method=\u00bbon\u00bb background_size=\u00bbcover\u00bb background_position=\u00bbcenter\u00bb background_repeat=\u00bbno-repeat\u00bb background_blend=\u00bbnormal\u00bb allow_player_pause=\u00bboff\u00bb background_video_pause_outside_viewport=\u00bbon\u00bb form_field_text_shadow_style=\u00bbnone\u00bb border_radii=\u00bbon||||\u00bb box_shadow_style=\u00bbnone\u00bb \/][\/et_pb_contact_form][\/et_pb_column][\/et_pb_row][\/et_pb_section]<\/p>\n","protected":false},"excerpt":{"rendered":"<p>[et_pb_section bb_built=\u00bb1&#8243; fullwidth=\u00bbon\u00bb specialty=\u00bboff\u00bb][et_pb_fullwidth_map _builder_version=\u00bb3.0.99&#8243; mouse_wheel=\u00bbon\u00bb mobile_dragging=\u00bbon\u00bb address=\u00bbVia Antonio Corradini, 1, 35042 Este PD, Italia\u00bb zoom_level=\u00bb11&#8243; address_lat=\u00bb45.2224727&#8243; address_lng=\u00bb11.659972599999946&#8243;][et_pb_map_pin _builder_version=\u00bb3.0.99&#8243; title=\u00bbOficina registrada\u00bb pin_address=\u00bbVia Antonio Corradini, 1, 35042 Este PD, Italia\u00bb pin_address_lat=\u00bb45.2224727&#8243; pin_address_lng=\u00bb11.659972599999946&#8243; db_start_open=\u00bboff\u00bb \/][et_pb_map_pin title=\u00bbAlmac\u00e9n\u00bb pin_address=\u00bbVia Veneto, 10, 35044 Montagnana PD, Italia\u00bb pin_address_lat=\u00bb45.239173&#8243; pin_address_lng=\u00bb11.416289499999948&#8243; _builder_version=\u00bb3.0.99&#8243; db_start_open=\u00bboff\u00bb \/][\/et_pb_fullwidth_map][\/et_pb_section][et_pb_section bb_built=\u00bb1&#8243; fullwidth=\u00bboff\u00bb specialty=\u00bboff\u00bb _builder_version=\u00bb3.0.62&#8243; module_id=\u00bbscopri\u00bb][et_pb_row][et_pb_column type=\u00bb4_4&#8243;][et_pb_text admin_label=\u00bbTitolo %22Contattaci%22&#8243; _builder_version=\u00bb3.0.99&#8243; [&hellip;]<\/p>\n","protected":false},"author":2,"featured_media":0,"parent":0,"menu_order":0,"comment_status":"closed","ping_status":"closed","template":"","meta":[],"yoast_head":"<!-- This site is optimized with the Yoast SEO plugin v20.10 - https:\/\/yoast.com\/wordpress\/plugins\/seo\/ -->\n<title>Cont\u00e1ctenos - Sito ufficiale di Take &amp; Way s.r.l. Food Trading Company<\/title>\n<meta name=\"robots\" content=\"index, follow, max-snippet:-1, max-image-preview:large, max-video-preview:-1\" \/>\n<link rel=\"canonical\" href=\"https:\/\/www.takeandway.it\/es\/contactenos\/\" \/>\n<meta property=\"og:locale\" content=\"es_ES\" \/>\n<meta property=\"og:type\" content=\"article\" \/>\n<meta property=\"og:title\" content=\"Cont\u00e1ctenos - Sito ufficiale di Take &amp; Way s.r.l. Food Trading Company\" \/>\n<meta property=\"og:description\" content=\"[et_pb_section bb_built=\u00bb1&#8243; fullwidth=\u00bbon\u00bb specialty=\u00bboff\u00bb][et_pb_fullwidth_map _builder_version=\u00bb3.0.99&#8243; mouse_wheel=\u00bbon\u00bb mobile_dragging=\u00bbon\u00bb address=\u00bbVia Antonio Corradini, 1, 35042 Este PD, Italia\u00bb zoom_level=\u00bb11&#8243; address_lat=\u00bb45.2224727&#8243; address_lng=\u00bb11.659972599999946&#8243;][et_pb_map_pin _builder_version=\u00bb3.0.99&#8243; title=\u00bbOficina registrada\u00bb pin_address=\u00bbVia Antonio Corradini, 1, 35042 Este PD, Italia\u00bb pin_address_lat=\u00bb45.2224727&#8243; pin_address_lng=\u00bb11.659972599999946&#8243; db_start_open=\u00bboff\u00bb \/][et_pb_map_pin title=\u00bbAlmac\u00e9n\u00bb pin_address=\u00bbVia Veneto, 10, 35044 Montagnana PD, Italia\u00bb pin_address_lat=\u00bb45.239173&#8243; pin_address_lng=\u00bb11.416289499999948&#8243; _builder_version=\u00bb3.0.99&#8243; db_start_open=\u00bboff\u00bb \/][\/et_pb_fullwidth_map][\/et_pb_section][et_pb_section bb_built=\u00bb1&#8243; fullwidth=\u00bboff\u00bb specialty=\u00bboff\u00bb _builder_version=\u00bb3.0.62&#8243; module_id=\u00bbscopri\u00bb][et_pb_row][et_pb_column type=\u00bb4_4&#8243;][et_pb_text admin_label=\u00bbTitolo %22Contattaci%22&#8243; _builder_version=\u00bb3.0.99&#8243; [&hellip;]\" \/>\n<meta property=\"og:url\" content=\"https:\/\/www.takeandway.it\/es\/contactenos\/\" \/>\n<meta property=\"og:site_name\" content=\"Sito ufficiale di Take &amp; Way s.r.l. Food Trading Company\" \/>\n<meta property=\"article:modified_time\" content=\"2018-02-01T16:01:52+00:00\" \/>\n<meta name=\"twitter:card\" content=\"summary_large_image\" \/>\n<meta name=\"twitter:label1\" content=\"Tiempo de lectura\" \/>\n\t<meta name=\"twitter:data1\" content=\"5 minutos\" \/>\n<script type=\"application\/ld+json\" class=\"yoast-schema-graph\">{\"@context\":\"https:\/\/schema.org\",\"@graph\":[{\"@type\":\"WebPage\",\"@id\":\"https:\/\/www.takeandway.it\/es\/contactenos\/\",\"url\":\"https:\/\/www.takeandway.it\/es\/contactenos\/\",\"name\":\"Cont\u00e1ctenos - Sito ufficiale di Take &amp; Way s.r.l. Food Trading Company\",\"isPartOf\":{\"@id\":\"https:\/\/www.takeandway.it\/#website\"},\"datePublished\":\"2017-07-14T10:37:13+00:00\",\"dateModified\":\"2018-02-01T16:01:52+00:00\",\"breadcrumb\":{\"@id\":\"https:\/\/www.takeandway.it\/es\/contactenos\/#breadcrumb\"},\"inLanguage\":\"es\",\"potentialAction\":[{\"@type\":\"ReadAction\",\"target\":[\"https:\/\/www.takeandway.it\/es\/contactenos\/\"]}]},{\"@type\":\"BreadcrumbList\",\"@id\":\"https:\/\/www.takeandway.it\/es\/contactenos\/#breadcrumb\",\"itemListElement\":[{\"@type\":\"ListItem\",\"position\":1,\"name\":\"Home\",\"item\":\"https:\/\/www.takeandway.it\/es\/homepage\/\"},{\"@type\":\"ListItem\",\"position\":2,\"name\":\"Cont\u00e1ctenos\"}]},{\"@type\":\"WebSite\",\"@id\":\"https:\/\/www.takeandway.it\/#website\",\"url\":\"https:\/\/www.takeandway.it\/\",\"name\":\"Sito ufficiale di Take &amp; Way s.r.l. Food Trading Company\",\"description\":\"\",\"potentialAction\":[{\"@type\":\"SearchAction\",\"target\":{\"@type\":\"EntryPoint\",\"urlTemplate\":\"https:\/\/www.takeandway.it\/?s={search_term_string}\"},\"query-input\":\"required name=search_term_string\"}],\"inLanguage\":\"es\"}]}<\/script>\n<!-- \/ Yoast SEO plugin. -->","yoast_head_json":{"title":"Cont\u00e1ctenos - Sito ufficiale di Take &amp; Way s.r.l. Food Trading Company","robots":{"index":"index","follow":"follow","max-snippet":"max-snippet:-1","max-image-preview":"max-image-preview:large","max-video-preview":"max-video-preview:-1"},"canonical":"https:\/\/www.takeandway.it\/es\/contactenos\/","og_locale":"es_ES","og_type":"article","og_title":"Cont\u00e1ctenos - Sito ufficiale di Take &amp; Way s.r.l. Food Trading Company","og_description":"[et_pb_section bb_built=\u00bb1&#8243; fullwidth=\u00bbon\u00bb specialty=\u00bboff\u00bb][et_pb_fullwidth_map _builder_version=\u00bb3.0.99&#8243; mouse_wheel=\u00bbon\u00bb mobile_dragging=\u00bbon\u00bb address=\u00bbVia Antonio Corradini, 1, 35042 Este PD, Italia\u00bb zoom_level=\u00bb11&#8243; address_lat=\u00bb45.2224727&#8243; address_lng=\u00bb11.659972599999946&#8243;][et_pb_map_pin _builder_version=\u00bb3.0.99&#8243; title=\u00bbOficina registrada\u00bb pin_address=\u00bbVia Antonio Corradini, 1, 35042 Este PD, Italia\u00bb pin_address_lat=\u00bb45.2224727&#8243; pin_address_lng=\u00bb11.659972599999946&#8243; db_start_open=\u00bboff\u00bb \/][et_pb_map_pin title=\u00bbAlmac\u00e9n\u00bb pin_address=\u00bbVia Veneto, 10, 35044 Montagnana PD, Italia\u00bb pin_address_lat=\u00bb45.239173&#8243; pin_address_lng=\u00bb11.416289499999948&#8243; _builder_version=\u00bb3.0.99&#8243; db_start_open=\u00bboff\u00bb \/][\/et_pb_fullwidth_map][\/et_pb_section][et_pb_section bb_built=\u00bb1&#8243; fullwidth=\u00bboff\u00bb specialty=\u00bboff\u00bb _builder_version=\u00bb3.0.62&#8243; module_id=\u00bbscopri\u00bb][et_pb_row][et_pb_column type=\u00bb4_4&#8243;][et_pb_text admin_label=\u00bbTitolo %22Contattaci%22&#8243; _builder_version=\u00bb3.0.99&#8243; [&hellip;]","og_url":"https:\/\/www.takeandway.it\/es\/contactenos\/","og_site_name":"Sito ufficiale di Take &amp; Way s.r.l. Food Trading Company","article_modified_time":"2018-02-01T16:01:52+00:00","twitter_card":"summary_large_image","twitter_misc":{"Tiempo de lectura":"5 minutos"},"schema":{"@context":"https:\/\/schema.org","@graph":[{"@type":"WebPage","@id":"https:\/\/www.takeandway.it\/es\/contactenos\/","url":"https:\/\/www.takeandway.it\/es\/contactenos\/","name":"Cont\u00e1ctenos - Sito ufficiale di Take &amp; Way s.r.l. Food Trading Company","isPartOf":{"@id":"https:\/\/www.takeandway.it\/#website"},"datePublished":"2017-07-14T10:37:13+00:00","dateModified":"2018-02-01T16:01:52+00:00","breadcrumb":{"@id":"https:\/\/www.takeandway.it\/es\/contactenos\/#breadcrumb"},"inLanguage":"es","potentialAction":[{"@type":"ReadAction","target":["https:\/\/www.takeandway.it\/es\/contactenos\/"]}]},{"@type":"BreadcrumbList","@id":"https:\/\/www.takeandway.it\/es\/contactenos\/#breadcrumb","itemListElement":[{"@type":"ListItem","position":1,"name":"Home","item":"https:\/\/www.takeandway.it\/es\/homepage\/"},{"@type":"ListItem","position":2,"name":"Cont\u00e1ctenos"}]},{"@type":"WebSite","@id":"https:\/\/www.takeandway.it\/#website","url":"https:\/\/www.takeandway.it\/","name":"Sito ufficiale di Take &amp; Way s.r.l. Food Trading Company","description":"","potentialAction":[{"@type":"SearchAction","target":{"@type":"EntryPoint","urlTemplate":"https:\/\/www.takeandway.it\/?s={search_term_string}"},"query-input":"required name=search_term_string"}],"inLanguage":"es"}]}},"_links":{"self":[{"href":"https:\/\/www.takeandway.it\/es\/wp-json\/wp\/v2\/pages\/403"}],"collection":[{"href":"https:\/\/www.takeandway.it\/es\/wp-json\/wp\/v2\/pages"}],"about":[{"href":"https:\/\/www.takeandway.it\/es\/wp-json\/wp\/v2\/types\/page"}],"author":[{"embeddable":true,"href":"https:\/\/www.takeandway.it\/es\/wp-json\/wp\/v2\/users\/2"}],"replies":[{"embeddable":true,"href":"https:\/\/www.takeandway.it\/es\/wp-json\/wp\/v2\/comments?post=403"}],"version-history":[{"count":4,"href":"https:\/\/www.takeandway.it\/es\/wp-json\/wp\/v2\/pages\/403\/revisions"}],"predecessor-version":[{"id":455,"href":"https:\/\/www.takeandway.it\/es\/wp-json\/wp\/v2\/pages\/403\/revisions\/455"}],"wp:attachment":[{"href":"https:\/\/www.takeandway.it\/es\/wp-json\/wp\/v2\/media?parent=403"}],"curies":[{"name":"wp","href":"https:\/\/api.w.org\/{rel}","templated":true}]}}