{"id":396,"date":"2017-07-14T12:47:26","date_gmt":"2017-07-14T10:47:26","guid":{"rendered":"http:\/\/www.takeandway.it\/chi-siamo\/"},"modified":"2018-02-01T14:29:27","modified_gmt":"2018-02-01T13:29:27","slug":"sobre-nosotros","status":"publish","type":"page","link":"https:\/\/www.takeandway.it\/es\/sobre-nosotros\/","title":{"rendered":"Sobre nosotros"},"content":{"rendered":"<p>[et_pb_section bb_built=\u00bb1&#8243; fullwidth=\u00bbon\u00bb specialty=\u00bboff\u00bb][et_pb_fullwidth_slider _builder_version=\u00bb3.0.99&#8243; show_arrows=\u00bbon\u00bb show_pagination=\u00bbon\u00bb custom_button=\u00bboff\u00bb button_icon_placement=\u00bbright\u00bb show_image_video_mobile=\u00bboff\u00bb custom_padding=\u00bb|||\u00bb show_content_on_mobile=\u00bbon\u00bb show_cta_on_mobile=\u00bbon\u00bb box_shadow_blur=\u00bb10px\u00bb box_shadow_color=\u00bbrgba(0,0,0,0.1)\u00bb][et_pb_slide heading=\u00bbSOBRE NOSOTROS\u00bb button_text=\u00bbDescubrir\u00bb button_link=\u00bb#scopri\u00bb background_color=\u00bb#ffffff\u00bb use_background_color_gradient=\u00bboff\u00bb background_color_gradient_start=\u00bb#2b87da\u00bb background_color_gradient_end=\u00bb#29c4a9&#8243; background_color_gradient_type=\u00bblinear\u00bb background_color_gradient_direction=\u00bb180deg\u00bb background_color_gradient_direction_radial=\u00bbcenter\u00bb background_color_gradient_start_position=\u00bb0%\u00bb background_color_gradient_end_position=\u00bb100%\u00bb background_image=\u00bbhttp:\/\/www.takeandway.it\/wp-content\/uploads\/2017\/12\/takeandway-chi-siamo.jpg\u00bb parallax=\u00bbon\u00bb parallax_method=\u00bboff\u00bb background_position=\u00bbcenter\u00bb background_size=\u00bbcover\u00bb background_repeat=\u00bbno-repeat\u00bb background_blend=\u00bbnormal\u00bb allow_player_pause=\u00bboff\u00bb use_bg_overlay=\u00bbon\u00bb use_text_overlay=\u00bboff\u00bb text_border_radius=\u00bb3&#8243; alignment=\u00bbcenter\u00bb background_layout=\u00bbdark\u00bb header_font_select=\u00bbdefault\u00bb header_font=\u00bb||||\u00bb body_font_select=\u00bbdefault\u00bb body_font=\u00bb||||\u00bb button_font_select=\u00bbdefault\u00bb button_font=\u00bb||||\u00bb _builder_version=\u00bb3.0.99&#8243; background_color_gradient_overlays_image=\u00bboff\u00bb bg_overlay_color=\u00bbrgba(0,0,0,0.44)\u00bb child_filter_hue_rotate=\u00bb0deg\u00bb child_filter_saturate=\u00bb100%\u00bb child_filter_brightness=\u00bb100%\u00bb child_filter_contrast=\u00bb100%\u00bb child_filter_invert=\u00bb0%\u00bb child_filter_sepia=\u00bb0%\u00bb child_filter_opacity=\u00bb100%\u00bb child_filter_blur=\u00bb0px\u00bb child_mix_blend_mode=\u00bbnormal\u00bb text_shadow_style=\u00bbnone\u00bb header_text_shadow_style=\u00bbnone\u00bb body_text_shadow_style=\u00bbnone\u00bb custom_button=\u00bboff\u00bb button_bg_use_color_gradient=\u00bboff\u00bb button_bg_color_gradient_overlays_image=\u00bboff\u00bb button_use_icon=\u00bbon\u00bb button_on_hover=\u00bbon\u00bb button_text_shadow_style=\u00bbnone\u00bb box_shadow_style_button=\u00bbnone\u00bb background_video_pause_outside_viewport=\u00bbon\u00bb text_shadow_horizontal_length=\u00bb0em\u00bb text_shadow_vertical_length=\u00bb0em\u00bb text_shadow_blur_strength=\u00bb0em\u00bb header_text_shadow_horizontal_length=\u00bb0em\u00bb header_text_shadow_vertical_length=\u00bb0em\u00bb header_text_shadow_blur_strength=\u00bb0em\u00bb body_text_shadow_horizontal_length=\u00bb0em\u00bb body_text_shadow_vertical_length=\u00bb0em\u00bb body_text_shadow_blur_strength=\u00bb0em\u00bb button_text_shadow_horizontal_length=\u00bb0em\u00bb button_text_shadow_vertical_length=\u00bb0em\u00bb button_text_shadow_blur_strength=\u00bb0em\u00bb]<\/p>\n<p style=\"text-align: center;\">Empresa italiana especializada en importaci\u00f3n \/ exportaci\u00f3n internacional en el sector alimentario.<\/p>\n<p>[\/et_pb_slide][\/et_pb_fullwidth_slider][\/et_pb_section][et_pb_section bb_built=\u00bb1&#8243; fullwidth=\u00bboff\u00bb specialty=\u00bboff\u00bb _builder_version=\u00bb3.0.92&#8243; module_id=\u00bbscopri\u00bb custom_padding=\u00bb||0px|\u00bb][et_pb_row][et_pb_column type=\u00bb4_4&#8243;][et_pb_text admin_label=\u00bbTitolo %22Chi siamo%22&#8243; _builder_version=\u00bb3.0.99&#8243; background_layout=\u00bblight\u00bb]<\/p>\n<h2>Compa\u00f1\u00eda\u00a0Take&amp;Way<\/h2>\n<p>[\/et_pb_text][et_pb_divider _builder_version=\u00bb3.0.92&#8243; show_divider=\u00bbon\u00bb color=\u00bb#e2232a\u00bb disabled_on=\u00bbon|on|off\u00bb \/][\/et_pb_column][\/et_pb_row][et_pb_row][et_pb_column type=\u00bb1_2&#8243;][et_pb_text admin_label=\u00bbTesto %22chi siamo%22 (1a parte)\u00bb _builder_version=\u00bb3.0.99&#8243; background_layout=\u00bblight\u00bb]<\/p>\n<p><strong>Visi\u00f3n, misi\u00f3n, organizaci\u00f3n<\/strong><\/p>\n<p style=\"text-align: justify;\"><strong>Take&amp;Way\u00a0<\/strong>es una compa\u00f1\u00eda italiana din\u00e1mica, que act\u00faa en el sector alimenticio con un mercado de import\/export en varios pa\u00edses europeos y del exterior de Europa.<\/p>\n<p style=\"text-align: justify;\"><strong>Take&amp;Way\u00a0<\/strong>se preocupa a elegir, proponer y vender, en condiciones log\u00edsticas \u00f3ptimas, una serie de productos alimenticios atentamente seleccionados, destinados a los restaurantes, a las pizzer\u00edas, a las empresas de catering, a los hoteles, a las tiendas y los centros comerciales especializados.<\/p>\n<p style=\"text-align: justify;\"><strong>Take&amp;Way\u00a0<\/strong>se preocupa a respetar los est\u00e1ndares de distribuci\u00f3n de los productos alimenticios, de acuerdo con los principios \u00e9ticos y de seguridad que garantizan a las partes interesadas las mejores condiciones para el desarrollo de sus actividades, respetando y protegiendo las fuentes de producci\u00f3n y de abastecimiento, en un mercado global que lleva a la aparici\u00f3n de unos consumidores m\u00e1s atentos a la autenticidad, al buen sabor, a la calidad de los productos gastron\u00f3micos, tanto los italianos que los internacionales.<\/p>\n<p style=\"text-align: justify;\"><strong>Take&amp;Way\u00a0<\/strong>garantiza el valor de las propuestas de los socios fiables, con los que comparte la pasi\u00f3n por los productos de alta calidad, con la b\u00fasqueda constante de la autenticidad, del buen sabor y de su conservaci\u00f3n.<\/p>\n<p>[\/et_pb_text][\/et_pb_column][et_pb_column type=\u00bb1_2&#8243;][et_pb_gallery _builder_version=\u00bb3.0.98&#8243; gallery_orderby=\u00bbrand\u00bb posts_number=\u00bb3&#8243; show_title_and_caption=\u00bbon\u00bb show_pagination=\u00bbon\u00bb gallery_ids=\u00bb343,346,349&#8243; fullwidth=\u00bbon\u00bb db_image_max_width_tablet=\u00bb51&#8243; db_image_max_height_tablet=\u00bb501&#8243; db_image_row_spacing_tablet=\u00bb51&#8243; db_image_object_fit=\u00bbinitial\u00bb orientation=\u00bblandscape\u00bb zoom_icon_color=\u00bb#e2232a\u00bb hover_overlay_color=\u00bbrgba(255,255,255,0.9)\u00bb background_layout=\u00bblight\u00bb db_image_center_titles=\u00bbleft\u00bb pagination_font_size_tablet=\u00bb51&#8243; pagination_line_height_tablet=\u00bb2&#8243; auto=\u00bbon\u00bb auto_speed=\u00bb4000&#8243; \/][\/et_pb_column][\/et_pb_row][et_pb_row _builder_version=\u00bb3.0.62&#8243; background_position_1=\u00bbtop_left\u00bb background_repeat_1=\u00bbno-repeat\u00bb gutter_width=\u00bb1&#8243; module_id=\u00bbgalleria\u00bb][et_pb_column type=\u00bb4_4&#8243;][et_pb_text admin_label=\u00bbTitolo %22I nostri marchi%22&#8243; _builder_version=\u00bb3.0.99&#8243; background_layout=\u00bblight\u00bb]<\/p>\n<h2>Descubra nuestras marcas<\/h2>\n<p>[\/et_pb_text][et_pb_divider _builder_version=\u00bb3.0.92&#8243; show_divider=\u00bbon\u00bb color=\u00bb#e2232a\u00bb disabled_on=\u00bbon|on|off\u00bb \/][\/et_pb_column][\/et_pb_row][\/et_pb_section][et_pb_section bb_built=\u00bb1&#8243; fullwidth=\u00bboff\u00bb specialty=\u00bboff\u00bb _builder_version=\u00bb3.0.92&#8243; background_color=\u00bb#e2232a\u00bb custom_padding=\u00bb0px||0px|\u00bb][et_pb_row _builder_version=\u00bb3.0.92&#8243; background_position_1=\u00bbtop_left\u00bb background_repeat_1=\u00bbno-repeat\u00bb use_custom_gutter=\u00bbon\u00bb gutter_width=\u00bb1&#8243; background_color=\u00bb#e2232a\u00bb][et_pb_column type=\u00bb1_3&#8243;][et_pb_image admin_label=\u00bbImmagine: logo-misterpomodoro\u00bb _builder_version=\u00bb3.0.99&#8243; src=\u00bbhttp:\/\/www.takeandway.it\/wp-content\/uploads\/2017\/12\/logo-misterpomodoro_300.jpg\u00bb show_in_lightbox=\u00bboff\u00bb url_new_window=\u00bboff\u00bb use_overlay=\u00bboff\u00bb align=\u00bbcenter\u00bb always_center_on_mobile=\u00bbon\u00bb force_fullwidth=\u00bboff\u00bb show_bottom_space=\u00bbon\u00bb url=\u00bbhttp:\/\/www.takeandway.it\/es\/productos\/#misterpomodoro\u00bb \/][\/et_pb_column][et_pb_column type=\u00bb1_3&#8243;][et_pb_image admin_label=\u00bbImmagine: logo-compagniadoltremare\u00bb _builder_version=\u00bb3.0.99&#8243; src=\u00bbhttp:\/\/www.takeandway.it\/wp-content\/uploads\/2017\/12\/logo-compagniadoltremare_300.jpg\u00bb show_in_lightbox=\u00bboff\u00bb url_new_window=\u00bboff\u00bb use_overlay=\u00bboff\u00bb align=\u00bbcenter\u00bb always_center_on_mobile=\u00bbon\u00bb force_fullwidth=\u00bboff\u00bb show_bottom_space=\u00bbon\u00bb url=\u00bbhttp:\/\/www.takeandway.it\/es\/productos\/#oltremare\u00bb \/][\/et_pb_column][et_pb_column type=\u00bb1_3&#8243;][et_pb_image admin_label=\u00bbImmagine: logo-terresolari\u00bb _builder_version=\u00bb3.0.99&#8243; src=\u00bbhttp:\/\/www.takeandway.it\/wp-content\/uploads\/2017\/12\/logo-terresolari_300.jpg\u00bb show_in_lightbox=\u00bboff\u00bb url_new_window=\u00bboff\u00bb use_overlay=\u00bboff\u00bb align=\u00bbcenter\u00bb always_center_on_mobile=\u00bbon\u00bb force_fullwidth=\u00bboff\u00bb show_bottom_space=\u00bbon\u00bb url=\u00bbhttp:\/\/www.takeandway.it\/es\/productos\/#terresolari\u00bb \/][\/et_pb_column][\/et_pb_row][\/et_pb_section]<\/p>\n","protected":false},"excerpt":{"rendered":"<p>[et_pb_section bb_built=\u00bb1&#8243; fullwidth=\u00bbon\u00bb specialty=\u00bboff\u00bb][et_pb_fullwidth_slider _builder_version=\u00bb3.0.99&#8243; show_arrows=\u00bbon\u00bb show_pagination=\u00bbon\u00bb custom_button=\u00bboff\u00bb button_icon_placement=\u00bbright\u00bb show_image_video_mobile=\u00bboff\u00bb custom_padding=\u00bb|||\u00bb show_content_on_mobile=\u00bbon\u00bb show_cta_on_mobile=\u00bbon\u00bb box_shadow_blur=\u00bb10px\u00bb box_shadow_color=\u00bbrgba(0,0,0,0.1)\u00bb][et_pb_slide heading=\u00bbSOBRE NOSOTROS\u00bb button_text=\u00bbDescubrir\u00bb button_link=\u00bb#scopri\u00bb background_color=\u00bb#ffffff\u00bb use_background_color_gradient=\u00bboff\u00bb background_color_gradient_start=\u00bb#2b87da\u00bb background_color_gradient_end=\u00bb#29c4a9&#8243; background_color_gradient_type=\u00bblinear\u00bb background_color_gradient_direction=\u00bb180deg\u00bb background_color_gradient_direction_radial=\u00bbcenter\u00bb background_color_gradient_start_position=\u00bb0%\u00bb background_color_gradient_end_position=\u00bb100%\u00bb background_image=\u00bbhttp:\/\/www.takeandway.it\/wp-content\/uploads\/2017\/12\/takeandway-chi-siamo.jpg\u00bb parallax=\u00bbon\u00bb parallax_method=\u00bboff\u00bb background_position=\u00bbcenter\u00bb background_size=\u00bbcover\u00bb background_repeat=\u00bbno-repeat\u00bb background_blend=\u00bbnormal\u00bb allow_player_pause=\u00bboff\u00bb use_bg_overlay=\u00bbon\u00bb use_text_overlay=\u00bboff\u00bb text_border_radius=\u00bb3&#8243; alignment=\u00bbcenter\u00bb background_layout=\u00bbdark\u00bb header_font_select=\u00bbdefault\u00bb header_font=\u00bb||||\u00bb body_font_select=\u00bbdefault\u00bb body_font=\u00bb||||\u00bb button_font_select=\u00bbdefault\u00bb button_font=\u00bb||||\u00bb _builder_version=\u00bb3.0.99&#8243; background_color_gradient_overlays_image=\u00bboff\u00bb bg_overlay_color=\u00bbrgba(0,0,0,0.44)\u00bb child_filter_hue_rotate=\u00bb0deg\u00bb child_filter_saturate=\u00bb100%\u00bb child_filter_brightness=\u00bb100%\u00bb child_filter_contrast=\u00bb100%\u00bb child_filter_invert=\u00bb0%\u00bb [&hellip;]<\/p>\n","protected":false},"author":2,"featured_media":0,"parent":0,"menu_order":0,"comment_status":"closed","ping_status":"closed","template":"","meta":[],"yoast_head":"<!-- This site is optimized with the Yoast SEO plugin v20.10 - https:\/\/yoast.com\/wordpress\/plugins\/seo\/ -->\n<title>Descubre qui\u00e9n es Take &amp; Way s.r.l. Food Trading Company<\/title>\n<meta name=\"description\" content=\"Descubra qui\u00e9n es Take &amp; Way s.r.l. Food Trading Company, una compa\u00f1\u00eda especializada en el comercio de alimentos seleccionados de alta calidad.\" \/>\n<meta name=\"robots\" content=\"index, follow, max-snippet:-1, max-image-preview:large, max-video-preview:-1\" \/>\n<link rel=\"canonical\" href=\"https:\/\/www.takeandway.it\/es\/sobre-nosotros\/\" \/>\n<meta property=\"og:locale\" content=\"es_ES\" \/>\n<meta property=\"og:type\" content=\"article\" \/>\n<meta property=\"og:title\" content=\"Descubre qui\u00e9n es Take &amp; Way s.r.l. Food Trading Company\" \/>\n<meta property=\"og:description\" content=\"Descubra qui\u00e9n es Take &amp; Way s.r.l. Food Trading Company, una compa\u00f1\u00eda especializada en el comercio de alimentos seleccionados de alta calidad.\" \/>\n<meta property=\"og:url\" content=\"https:\/\/www.takeandway.it\/es\/sobre-nosotros\/\" \/>\n<meta property=\"og:site_name\" content=\"Sito ufficiale di Take &amp; Way s.r.l. Food Trading Company\" \/>\n<meta property=\"article:modified_time\" content=\"2018-02-01T13:29:27+00:00\" \/>\n<meta name=\"twitter:card\" content=\"summary_large_image\" \/>\n<meta name=\"twitter:label1\" content=\"Tiempo de lectura\" \/>\n\t<meta name=\"twitter:data1\" content=\"5 minutos\" \/>\n<script type=\"application\/ld+json\" class=\"yoast-schema-graph\">{\"@context\":\"https:\/\/schema.org\",\"@graph\":[{\"@type\":\"WebPage\",\"@id\":\"https:\/\/www.takeandway.it\/es\/sobre-nosotros\/\",\"url\":\"https:\/\/www.takeandway.it\/es\/sobre-nosotros\/\",\"name\":\"Descubre qui\u00e9n es Take & Way s.r.l. Food Trading Company\",\"isPartOf\":{\"@id\":\"https:\/\/www.takeandway.it\/#website\"},\"datePublished\":\"2017-07-14T10:47:26+00:00\",\"dateModified\":\"2018-02-01T13:29:27+00:00\",\"description\":\"Descubra qui\u00e9n es Take & Way s.r.l. Food Trading Company, una compa\u00f1\u00eda especializada en el comercio de alimentos seleccionados de alta calidad.\",\"breadcrumb\":{\"@id\":\"https:\/\/www.takeandway.it\/es\/sobre-nosotros\/#breadcrumb\"},\"inLanguage\":\"es\",\"potentialAction\":[{\"@type\":\"ReadAction\",\"target\":[\"https:\/\/www.takeandway.it\/es\/sobre-nosotros\/\"]}]},{\"@type\":\"BreadcrumbList\",\"@id\":\"https:\/\/www.takeandway.it\/es\/sobre-nosotros\/#breadcrumb\",\"itemListElement\":[{\"@type\":\"ListItem\",\"position\":1,\"name\":\"Home\",\"item\":\"https:\/\/www.takeandway.it\/es\/homepage\/\"},{\"@type\":\"ListItem\",\"position\":2,\"name\":\"Sobre nosotros\"}]},{\"@type\":\"WebSite\",\"@id\":\"https:\/\/www.takeandway.it\/#website\",\"url\":\"https:\/\/www.takeandway.it\/\",\"name\":\"Sito ufficiale di Take &amp; Way s.r.l. Food Trading Company\",\"description\":\"\",\"potentialAction\":[{\"@type\":\"SearchAction\",\"target\":{\"@type\":\"EntryPoint\",\"urlTemplate\":\"https:\/\/www.takeandway.it\/?s={search_term_string}\"},\"query-input\":\"required name=search_term_string\"}],\"inLanguage\":\"es\"}]}<\/script>\n<!-- \/ Yoast SEO plugin. -->","yoast_head_json":{"title":"Descubre qui\u00e9n es Take & Way s.r.l. Food Trading Company","description":"Descubra qui\u00e9n es Take & Way s.r.l. Food Trading Company, una compa\u00f1\u00eda especializada en el comercio de alimentos seleccionados de alta calidad.","robots":{"index":"index","follow":"follow","max-snippet":"max-snippet:-1","max-image-preview":"max-image-preview:large","max-video-preview":"max-video-preview:-1"},"canonical":"https:\/\/www.takeandway.it\/es\/sobre-nosotros\/","og_locale":"es_ES","og_type":"article","og_title":"Descubre qui\u00e9n es Take & Way s.r.l. Food Trading Company","og_description":"Descubra qui\u00e9n es Take & Way s.r.l. Food Trading Company, una compa\u00f1\u00eda especializada en el comercio de alimentos seleccionados de alta calidad.","og_url":"https:\/\/www.takeandway.it\/es\/sobre-nosotros\/","og_site_name":"Sito ufficiale di Take &amp; Way s.r.l. Food Trading Company","article_modified_time":"2018-02-01T13:29:27+00:00","twitter_card":"summary_large_image","twitter_misc":{"Tiempo de lectura":"5 minutos"},"schema":{"@context":"https:\/\/schema.org","@graph":[{"@type":"WebPage","@id":"https:\/\/www.takeandway.it\/es\/sobre-nosotros\/","url":"https:\/\/www.takeandway.it\/es\/sobre-nosotros\/","name":"Descubre qui\u00e9n es Take & Way s.r.l. Food Trading Company","isPartOf":{"@id":"https:\/\/www.takeandway.it\/#website"},"datePublished":"2017-07-14T10:47:26+00:00","dateModified":"2018-02-01T13:29:27+00:00","description":"Descubra qui\u00e9n es Take & Way s.r.l. Food Trading Company, una compa\u00f1\u00eda especializada en el comercio de alimentos seleccionados de alta calidad.","breadcrumb":{"@id":"https:\/\/www.takeandway.it\/es\/sobre-nosotros\/#breadcrumb"},"inLanguage":"es","potentialAction":[{"@type":"ReadAction","target":["https:\/\/www.takeandway.it\/es\/sobre-nosotros\/"]}]},{"@type":"BreadcrumbList","@id":"https:\/\/www.takeandway.it\/es\/sobre-nosotros\/#breadcrumb","itemListElement":[{"@type":"ListItem","position":1,"name":"Home","item":"https:\/\/www.takeandway.it\/es\/homepage\/"},{"@type":"ListItem","position":2,"name":"Sobre nosotros"}]},{"@type":"WebSite","@id":"https:\/\/www.takeandway.it\/#website","url":"https:\/\/www.takeandway.it\/","name":"Sito ufficiale di Take &amp; Way s.r.l. Food Trading Company","description":"","potentialAction":[{"@type":"SearchAction","target":{"@type":"EntryPoint","urlTemplate":"https:\/\/www.takeandway.it\/?s={search_term_string}"},"query-input":"required name=search_term_string"}],"inLanguage":"es"}]}},"_links":{"self":[{"href":"https:\/\/www.takeandway.it\/es\/wp-json\/wp\/v2\/pages\/396"}],"collection":[{"href":"https:\/\/www.takeandway.it\/es\/wp-json\/wp\/v2\/pages"}],"about":[{"href":"https:\/\/www.takeandway.it\/es\/wp-json\/wp\/v2\/types\/page"}],"author":[{"embeddable":true,"href":"https:\/\/www.takeandway.it\/es\/wp-json\/wp\/v2\/users\/2"}],"replies":[{"embeddable":true,"href":"https:\/\/www.takeandway.it\/es\/wp-json\/wp\/v2\/comments?post=396"}],"version-history":[{"count":4,"href":"https:\/\/www.takeandway.it\/es\/wp-json\/wp\/v2\/pages\/396\/revisions"}],"predecessor-version":[{"id":448,"href":"https:\/\/www.takeandway.it\/es\/wp-json\/wp\/v2\/pages\/396\/revisions\/448"}],"wp:attachment":[{"href":"https:\/\/www.takeandway.it\/es\/wp-json\/wp\/v2\/media?parent=396"}],"curies":[{"name":"wp","href":"https:\/\/api.w.org\/{rel}","templated":true}]}}