{"id":390,"date":"2018-01-28T11:32:37","date_gmt":"2018-01-28T10:32:37","guid":{"rendered":"http:\/\/www.takeandway.it\/credits\/"},"modified":"2018-02-01T10:30:16","modified_gmt":"2018-02-01T09:30:16","slug":"credits","status":"publish","type":"page","link":"https:\/\/www.takeandway.it\/es\/credits\/","title":{"rendered":"Credits"},"content":{"rendered":"<p>[et_pb_section bb_built=\u00bb1&#8243; fullwidth=\u00bboff\u00bb specialty=\u00bboff\u00bb _builder_version=\u00bb3.0.92&#8243; module_id=\u00bbscopri\u00bb custom_padding=\u00bb||0px|\u00bb][et_pb_row][et_pb_column type=\u00bb4_4&#8243;][et_pb_text admin_label=\u00bbTitolo %22Credits%22&#8243; _builder_version=\u00bb3.0.98&#8243; background_layout=\u00bblight\u00bb]<\/p>\n<h2>Credits<\/h2>\n<p>[\/et_pb_text][et_pb_divider _builder_version=\u00bb3.0.92&#8243; show_divider=\u00bbon\u00bb color=\u00bb#e2232a\u00bb disabled_on=\u00bbon|on|off\u00bb \/][et_pb_text admin_label=\u00bbTesto %22Disclaimer%22 (1a parte)\u00bb _builder_version=\u00bb3.0.99&#8243; background_layout=\u00bblight\u00bb]<\/p>\n<p>www.takeandway.it<\/p>\n<p><strong>Sitio web de informaci\u00f3n para servicios comerciales, de marketing y de distribuci\u00f3n en el \u00e1mbito alimenticio.<\/strong><\/p>\n<p>\u00a9 2018\u00a0Take &amp; Way srl &#8211; compa\u00f1\u00eda de comercializaci\u00f3n de los productos alimenticios<br \/>\nvia Antonio\u00a0Corradini, 1\/R &#8211; 35042\u00a0Este\u00a0PD Italia<\/p>\n<p>Dise\u00f1ado y realizado por PARTE srl<br \/>\nPARTE srl &#8211; Via Uruguay 20 &#8211; 35127 Padova PD &#8211; Italia<br \/>\nTel\u00e9fono +39 049 9874155<br \/>\nCorreo electr\u00f3nico:\u00a0parte@medianteam.it<br \/>\nPEC:\u00a0parte@pec.it<br \/>\nRegistro de las compa\u00f1\u00edas de Padua, C\u00f3digo TVA y C\u00f3digo Fiscal 02721550289<\/p>\n<p>[\/et_pb_text][\/et_pb_column][\/et_pb_row][\/et_pb_section]<\/p>\n","protected":false},"excerpt":{"rendered":"<p>[et_pb_section bb_built=\u00bb1&#8243; fullwidth=\u00bboff\u00bb specialty=\u00bboff\u00bb _builder_version=\u00bb3.0.92&#8243; module_id=\u00bbscopri\u00bb custom_padding=\u00bb||0px|\u00bb][et_pb_row][et_pb_column type=\u00bb4_4&#8243;][et_pb_text admin_label=\u00bbTitolo %22Credits%22&#8243; _builder_version=\u00bb3.0.98&#8243; background_layout=\u00bblight\u00bb] Credits [\/et_pb_text][et_pb_divider _builder_version=\u00bb3.0.92&#8243; show_divider=\u00bbon\u00bb color=\u00bb#e2232a\u00bb disabled_on=\u00bbon|on|off\u00bb \/][et_pb_text admin_label=\u00bbTesto %22Disclaimer%22 (1a parte)\u00bb _builder_version=\u00bb3.0.99&#8243; background_layout=\u00bblight\u00bb] www.takeandway.it Sitio web de informaci\u00f3n para servicios comerciales, de marketing y de distribuci\u00f3n en el \u00e1mbito alimenticio. \u00a9 2018\u00a0Take &amp; Way srl &#8211; compa\u00f1\u00eda de comercializaci\u00f3n de los productos alimenticios [&hellip;]<\/p>\n","protected":false},"author":2,"featured_media":0,"parent":0,"menu_order":0,"comment_status":"closed","ping_status":"closed","template":"","meta":[],"yoast_head":"<!-- This site is optimized with the Yoast SEO plugin v20.10 - https:\/\/yoast.com\/wordpress\/plugins\/seo\/ -->\n<title>Credits Take &amp; Way s.r.l. Food Trading Company<\/title>\n<meta name=\"description\" content=\"Descubra qui\u00e9n es Take &amp; Way s.r.l. Food Trading Company, una compa\u00f1\u00eda especializada en el comercio de alimentos seleccionados de alta calidad.\" \/>\n<meta name=\"robots\" content=\"index, follow, max-snippet:-1, max-image-preview:large, max-video-preview:-1\" \/>\n<link rel=\"canonical\" href=\"https:\/\/www.takeandway.it\/es\/credits\/\" \/>\n<meta property=\"og:locale\" content=\"es_ES\" \/>\n<meta property=\"og:type\" content=\"article\" \/>\n<meta property=\"og:title\" content=\"Credits Take &amp; Way s.r.l. Food Trading Company\" \/>\n<meta property=\"og:description\" content=\"Descubra qui\u00e9n es Take &amp; Way s.r.l. Food Trading Company, una compa\u00f1\u00eda especializada en el comercio de alimentos seleccionados de alta calidad.\" \/>\n<meta property=\"og:url\" content=\"https:\/\/www.takeandway.it\/es\/credits\/\" \/>\n<meta property=\"og:site_name\" content=\"Sito ufficiale di Take &amp; Way s.r.l. Food Trading Company\" \/>\n<meta property=\"article:modified_time\" content=\"2018-02-01T09:30:16+00:00\" \/>\n<meta name=\"twitter:card\" content=\"summary_large_image\" \/>\n<meta name=\"twitter:label1\" content=\"Tiempo de lectura\" \/>\n\t<meta name=\"twitter:data1\" content=\"1 minuto\" \/>\n<script type=\"application\/ld+json\" class=\"yoast-schema-graph\">{\"@context\":\"https:\/\/schema.org\",\"@graph\":[{\"@type\":\"WebPage\",\"@id\":\"https:\/\/www.takeandway.it\/es\/credits\/\",\"url\":\"https:\/\/www.takeandway.it\/es\/credits\/\",\"name\":\"Credits Take & Way s.r.l. Food Trading Company\",\"isPartOf\":{\"@id\":\"https:\/\/www.takeandway.it\/#website\"},\"datePublished\":\"2018-01-28T10:32:37+00:00\",\"dateModified\":\"2018-02-01T09:30:16+00:00\",\"description\":\"Descubra qui\u00e9n es Take & Way s.r.l. Food Trading Company, una compa\u00f1\u00eda especializada en el comercio de alimentos seleccionados de alta calidad.\",\"breadcrumb\":{\"@id\":\"https:\/\/www.takeandway.it\/es\/credits\/#breadcrumb\"},\"inLanguage\":\"es\",\"potentialAction\":[{\"@type\":\"ReadAction\",\"target\":[\"https:\/\/www.takeandway.it\/es\/credits\/\"]}]},{\"@type\":\"BreadcrumbList\",\"@id\":\"https:\/\/www.takeandway.it\/es\/credits\/#breadcrumb\",\"itemListElement\":[{\"@type\":\"ListItem\",\"position\":1,\"name\":\"Home\",\"item\":\"https:\/\/www.takeandway.it\/es\/homepage\/\"},{\"@type\":\"ListItem\",\"position\":2,\"name\":\"Credits\"}]},{\"@type\":\"WebSite\",\"@id\":\"https:\/\/www.takeandway.it\/#website\",\"url\":\"https:\/\/www.takeandway.it\/\",\"name\":\"Sito ufficiale di Take &amp; Way s.r.l. Food Trading Company\",\"description\":\"\",\"potentialAction\":[{\"@type\":\"SearchAction\",\"target\":{\"@type\":\"EntryPoint\",\"urlTemplate\":\"https:\/\/www.takeandway.it\/?s={search_term_string}\"},\"query-input\":\"required name=search_term_string\"}],\"inLanguage\":\"es\"}]}<\/script>\n<!-- \/ Yoast SEO plugin. -->","yoast_head_json":{"title":"Credits Take & Way s.r.l. Food Trading Company","description":"Descubra qui\u00e9n es Take & Way s.r.l. Food Trading Company, una compa\u00f1\u00eda especializada en el comercio de alimentos seleccionados de alta calidad.","robots":{"index":"index","follow":"follow","max-snippet":"max-snippet:-1","max-image-preview":"max-image-preview:large","max-video-preview":"max-video-preview:-1"},"canonical":"https:\/\/www.takeandway.it\/es\/credits\/","og_locale":"es_ES","og_type":"article","og_title":"Credits Take & Way s.r.l. Food Trading Company","og_description":"Descubra qui\u00e9n es Take & Way s.r.l. Food Trading Company, una compa\u00f1\u00eda especializada en el comercio de alimentos seleccionados de alta calidad.","og_url":"https:\/\/www.takeandway.it\/es\/credits\/","og_site_name":"Sito ufficiale di Take &amp; Way s.r.l. Food Trading Company","article_modified_time":"2018-02-01T09:30:16+00:00","twitter_card":"summary_large_image","twitter_misc":{"Tiempo de lectura":"1 minuto"},"schema":{"@context":"https:\/\/schema.org","@graph":[{"@type":"WebPage","@id":"https:\/\/www.takeandway.it\/es\/credits\/","url":"https:\/\/www.takeandway.it\/es\/credits\/","name":"Credits Take & Way s.r.l. Food Trading Company","isPartOf":{"@id":"https:\/\/www.takeandway.it\/#website"},"datePublished":"2018-01-28T10:32:37+00:00","dateModified":"2018-02-01T09:30:16+00:00","description":"Descubra qui\u00e9n es Take & Way s.r.l. Food Trading Company, una compa\u00f1\u00eda especializada en el comercio de alimentos seleccionados de alta calidad.","breadcrumb":{"@id":"https:\/\/www.takeandway.it\/es\/credits\/#breadcrumb"},"inLanguage":"es","potentialAction":[{"@type":"ReadAction","target":["https:\/\/www.takeandway.it\/es\/credits\/"]}]},{"@type":"BreadcrumbList","@id":"https:\/\/www.takeandway.it\/es\/credits\/#breadcrumb","itemListElement":[{"@type":"ListItem","position":1,"name":"Home","item":"https:\/\/www.takeandway.it\/es\/homepage\/"},{"@type":"ListItem","position":2,"name":"Credits"}]},{"@type":"WebSite","@id":"https:\/\/www.takeandway.it\/#website","url":"https:\/\/www.takeandway.it\/","name":"Sito ufficiale di Take &amp; Way s.r.l. Food Trading Company","description":"","potentialAction":[{"@type":"SearchAction","target":{"@type":"EntryPoint","urlTemplate":"https:\/\/www.takeandway.it\/?s={search_term_string}"},"query-input":"required name=search_term_string"}],"inLanguage":"es"}]}},"_links":{"self":[{"href":"https:\/\/www.takeandway.it\/es\/wp-json\/wp\/v2\/pages\/390"}],"collection":[{"href":"https:\/\/www.takeandway.it\/es\/wp-json\/wp\/v2\/pages"}],"about":[{"href":"https:\/\/www.takeandway.it\/es\/wp-json\/wp\/v2\/types\/page"}],"author":[{"embeddable":true,"href":"https:\/\/www.takeandway.it\/es\/wp-json\/wp\/v2\/users\/2"}],"replies":[{"embeddable":true,"href":"https:\/\/www.takeandway.it\/es\/wp-json\/wp\/v2\/comments?post=390"}],"version-history":[{"count":2,"href":"https:\/\/www.takeandway.it\/es\/wp-json\/wp\/v2\/pages\/390\/revisions"}],"predecessor-version":[{"id":394,"href":"https:\/\/www.takeandway.it\/es\/wp-json\/wp\/v2\/pages\/390\/revisions\/394"}],"wp:attachment":[{"href":"https:\/\/www.takeandway.it\/es\/wp-json\/wp\/v2\/media?parent=390"}],"curies":[{"name":"wp","href":"https:\/\/api.w.org\/{rel}","templated":true}]}}